{"id":2167,"date":"2025-09-05T08:55:25","date_gmt":"2025-09-05T08:55:25","guid":{"rendered":"https:\/\/mountrackers.com\/our-services\/"},"modified":"2025-12-19T11:39:42","modified_gmt":"2025-12-19T11:39:42","slug":"servicios","status":"publish","type":"page","link":"https:\/\/mountrackers.com\/en\/servicios\/","title":{"rendered":"SERVICES"},"content":{"rendered":"<div data-elementor-type=\"wp-page\" data-elementor-id=\"2167\" class=\"elementor elementor-2167\">\n\t\t\t\t<div class=\"elementor-element elementor-element-5bccfaf e-flex e-con-boxed elementor-invisible e-con e-parent\" data-id=\"5bccfaf\" data-element_type=\"container\" data-e-type=\"container\" data-settings=\"{&quot;animation&quot;:&quot;fadeInRight&quot;}\">\n\t\t\t\t\t<div class=\"e-con-inner\">\n\t\t\t\t<div class=\"elementor-element elementor-element-e4288ae elementor-widget elementor-widget-spacer\" data-id=\"e4288ae\" data-element_type=\"widget\" data-e-type=\"widget\" data-widget_type=\"spacer.default\">\n\t\t\t\t<div class=\"elementor-widget-container\">\n\t\t\t\t\t\t\t<div class=\"elementor-spacer\">\n\t\t\t<div class=\"elementor-spacer-inner\"><\/div>\n\t\t<\/div>\n\t\t\t\t\t\t<\/div>\n\t\t\t\t<\/div>\n\t\t\t\t<div class=\"elementor-element elementor-element-d93b1a4 elementor-widget elementor-widget-heading\" data-id=\"d93b1a4\" data-element_type=\"widget\" data-e-type=\"widget\" data-widget_type=\"heading.default\">\n\t\t\t\t<div class=\"elementor-widget-container\">\n\t\t\t\t\t<h1 class=\"elementor-heading-title elementor-size-default\">SERVICES<\/h1>\t\t\t\t<\/div>\n\t\t\t\t<\/div>\n\t\t\t\t<div class=\"elementor-element elementor-element-58e26f0 elementor-widget elementor-widget-text-editor\" data-id=\"58e26f0\" data-element_type=\"widget\" data-e-type=\"widget\" data-widget_type=\"text-editor.default\">\n\t\t\t\t<div class=\"elementor-widget-container\">\n\t\t\t\t\t\t\t\t\t<h3 style=\"text-align: center;\">WE ORGANIZE MUCH MORE THAN A HUNTING TRIP<\/h3>\t\t\t\t\t\t\t\t<\/div>\n\t\t\t\t<\/div>\n\t\t\t\t<div class=\"elementor-element elementor-element-4c9f743 elementor-widget elementor-widget-spacer\" data-id=\"4c9f743\" data-element_type=\"widget\" data-e-type=\"widget\" data-widget_type=\"spacer.default\">\n\t\t\t\t<div class=\"elementor-widget-container\">\n\t\t\t\t\t\t\t<div class=\"elementor-spacer\">\n\t\t\t<div class=\"elementor-spacer-inner\"><\/div>\n\t\t<\/div>\n\t\t\t\t\t\t<\/div>\n\t\t\t\t<\/div>\n\t\t\t\t\t<\/div>\n\t\t\t\t<\/div>\n\t\t<div class=\"elementor-element elementor-element-6b9a7f7 e-flex e-con-boxed elementor-invisible e-con e-parent\" data-id=\"6b9a7f7\" data-element_type=\"container\" data-e-type=\"container\" data-settings=\"{&quot;animation&quot;:&quot;fadeInLeft&quot;}\">\n\t\t\t\t\t<div class=\"e-con-inner\">\n\t\t<div class=\"elementor-element elementor-element-f987374 e-con-full e-flex e-con e-child\" data-id=\"f987374\" data-element_type=\"container\" data-e-type=\"container\" data-settings=\"{&quot;background_background&quot;:&quot;classic&quot;}\">\n\t\t\t\t<div class=\"elementor-element elementor-element-2ba41e1 elementor-widget elementor-widget-heading\" data-id=\"2ba41e1\" data-element_type=\"widget\" data-e-type=\"widget\" data-widget_type=\"heading.default\">\n\t\t\t\t<div class=\"elementor-widget-container\">\n\t\t\t\t\t<h3 class=\"elementor-heading-title elementor-size-default\">LODGE<\/h3>\t\t\t\t<\/div>\n\t\t\t\t<\/div>\n\t\t\t\t<div class=\"elementor-element elementor-element-8f68d2a elementor-widget elementor-widget-text-editor\" data-id=\"8f68d2a\" data-element_type=\"widget\" data-e-type=\"widget\" data-widget_type=\"text-editor.default\">\n\t\t\t\t<div class=\"elementor-widget-container\">\n\t\t\t\t\t\t\t\t\t<p class=\"translation-block\">We have different options depending on the type of hunt.<br>You will enjoy the best accommodation during your trip.<\/p>\t\t\t\t\t\t\t\t<\/div>\n\t\t\t\t<\/div>\n\t\t\t\t<\/div>\n\t\t<div class=\"elementor-element elementor-element-0a854d3 e-con-full e-flex e-con e-child\" data-id=\"0a854d3\" data-element_type=\"container\" data-e-type=\"container\">\n\t\t\t\t<div class=\"elementor-element elementor-element-fbc789f elementor-widget elementor-widget-image\" data-id=\"fbc789f\" data-element_type=\"widget\" data-e-type=\"widget\" data-widget_type=\"image.default\">\n\t\t\t\t<div class=\"elementor-widget-container\">\n\t\t\t\t\t\t\t\t\t\t\t\t\t\t\t<img fetchpriority=\"high\" decoding=\"async\" width=\"1024\" height=\"577\" src=\"https:\/\/mountrackers.com\/wp-content\/uploads\/2025\/10\/Lago-Hermoso-017-scaled-e1760955841932-1024x577.jpg\" class=\"attachment-large size-large wp-image-2671\" alt=\"lago hermoso 017\" srcset=\"https:\/\/mountrackers.com\/wp-content\/uploads\/2025\/10\/Lago-Hermoso-017-scaled-e1760955841932-1024x577.jpg 1024w, https:\/\/mountrackers.com\/wp-content\/uploads\/2025\/10\/Lago-Hermoso-017-scaled-e1760955841932-300x169.jpg 300w, https:\/\/mountrackers.com\/wp-content\/uploads\/2025\/10\/Lago-Hermoso-017-scaled-e1760955841932-768x433.jpg 768w, https:\/\/mountrackers.com\/wp-content\/uploads\/2025\/10\/Lago-Hermoso-017-scaled-e1760955841932-1536x865.jpg 1536w, https:\/\/mountrackers.com\/wp-content\/uploads\/2025\/10\/Lago-Hermoso-017-scaled-e1760955841932-2048x1154.jpg 2048w\" sizes=\"(max-width: 1024px) 100vw, 1024px\" \/>\t\t\t\t\t\t\t\t\t\t\t\t\t\t\t<\/div>\n\t\t\t\t<\/div>\n\t\t\t\t<\/div>\n\t\t\t\t\t<\/div>\n\t\t\t\t<\/div>\n\t\t<div class=\"elementor-element elementor-element-6e2dcf8 e-flex e-con-boxed elementor-invisible e-con e-parent\" data-id=\"6e2dcf8\" data-element_type=\"container\" data-e-type=\"container\" data-settings=\"{&quot;animation&quot;:&quot;fadeInRight&quot;}\">\n\t\t\t\t\t<div class=\"e-con-inner\">\n\t\t<div class=\"elementor-element elementor-element-39bbdac e-con-full e-flex e-con e-child\" data-id=\"39bbdac\" data-element_type=\"container\" data-e-type=\"container\" data-settings=\"{&quot;background_background&quot;:&quot;classic&quot;}\">\n\t\t\t\t<div class=\"elementor-element elementor-element-9fca4c6 elementor-widget elementor-widget-image\" data-id=\"9fca4c6\" data-element_type=\"widget\" data-e-type=\"widget\" data-widget_type=\"image.default\">\n\t\t\t\t<div class=\"elementor-widget-container\">\n\t\t\t\t\t\t\t\t\t\t\t\t\t\t\t<img decoding=\"async\" width=\"1024\" height=\"576\" data-src=\"https:\/\/mountrackers.com\/wp-content\/uploads\/2025\/10\/docs-scaled-e1760955558364-1024x576.jpg\" class=\"attachment-large size-large wp-image-2825 lazyload\" alt=\"docs\" data-srcset=\"https:\/\/mountrackers.com\/wp-content\/uploads\/2025\/10\/docs-scaled-e1760955558364-1024x576.jpg 1024w, https:\/\/mountrackers.com\/wp-content\/uploads\/2025\/10\/docs-scaled-e1760955558364-300x169.jpg 300w, https:\/\/mountrackers.com\/wp-content\/uploads\/2025\/10\/docs-scaled-e1760955558364-768x432.jpg 768w, https:\/\/mountrackers.com\/wp-content\/uploads\/2025\/10\/docs-scaled-e1760955558364-1536x864.jpg 1536w, https:\/\/mountrackers.com\/wp-content\/uploads\/2025\/10\/docs-scaled-e1760955558364.jpg 1707w\" data-sizes=\"(max-width: 1024px) 100vw, 1024px\" src=\"data:image\/svg+xml;base64,PHN2ZyB3aWR0aD0iMSIgaGVpZ2h0PSIxIiB4bWxucz0iaHR0cDovL3d3dy53My5vcmcvMjAwMC9zdmciPjwvc3ZnPg==\" style=\"--smush-placeholder-width: 1024px; --smush-placeholder-aspect-ratio: 1024\/576;\" \/>\t\t\t\t\t\t\t\t\t\t\t\t\t\t\t<\/div>\n\t\t\t\t<\/div>\n\t\t\t\t<\/div>\n\t\t<div class=\"elementor-element elementor-element-4cfe450 e-con-full e-flex e-con e-child\" data-id=\"4cfe450\" data-element_type=\"container\" data-e-type=\"container\" data-settings=\"{&quot;background_background&quot;:&quot;classic&quot;}\">\n\t\t\t\t<div class=\"elementor-element elementor-element-43c07c2 elementor-widget elementor-widget-heading\" data-id=\"43c07c2\" data-element_type=\"widget\" data-e-type=\"widget\" data-widget_type=\"heading.default\">\n\t\t\t\t<div class=\"elementor-widget-container\">\n\t\t\t\t\t<h3 class=\"elementor-heading-title elementor-size-default\">DOCUMENTS<\/h3>\t\t\t\t<\/div>\n\t\t\t\t<\/div>\n\t\t\t\t<div class=\"elementor-element elementor-element-8ce033e elementor-widget elementor-widget-text-editor\" data-id=\"8ce033e\" data-element_type=\"widget\" data-e-type=\"widget\" data-widget_type=\"text-editor.default\">\n\t\t\t\t<div class=\"elementor-widget-container\">\n\t\t\t\t\t\t\t\t\t<p>We take care of all the management and processing of the necessary documentation for hunting.<\/p>\t\t\t\t\t\t\t\t<\/div>\n\t\t\t\t<\/div>\n\t\t\t\t<\/div>\n\t\t\t\t\t<\/div>\n\t\t\t\t<\/div>\n\t\t<div class=\"elementor-element elementor-element-7c79c58 e-flex e-con-boxed elementor-invisible e-con e-parent\" data-id=\"7c79c58\" data-element_type=\"container\" data-e-type=\"container\" data-settings=\"{&quot;animation&quot;:&quot;fadeInLeft&quot;}\">\n\t\t\t\t\t<div class=\"e-con-inner\">\n\t\t<div class=\"elementor-element elementor-element-632aea1 e-con-full e-flex e-con e-child\" data-id=\"632aea1\" data-element_type=\"container\" data-e-type=\"container\" data-settings=\"{&quot;background_background&quot;:&quot;classic&quot;}\">\n\t\t\t\t<div class=\"elementor-element elementor-element-8790813 elementor-widget elementor-widget-heading\" data-id=\"8790813\" data-element_type=\"widget\" data-e-type=\"widget\" data-widget_type=\"heading.default\">\n\t\t\t\t<div class=\"elementor-widget-container\">\n\t\t\t\t\t<h3 class=\"elementor-heading-title elementor-size-default\">TROPHY SHIPPING<\/h3>\t\t\t\t<\/div>\n\t\t\t\t<\/div>\n\t\t\t\t<div class=\"elementor-element elementor-element-bd3ba4b elementor-widget elementor-widget-text-editor\" data-id=\"bd3ba4b\" data-element_type=\"widget\" data-e-type=\"widget\" data-widget_type=\"text-editor.default\">\n\t\t\t\t<div class=\"elementor-widget-container\">\n\t\t\t\t\t\t\t\t\t<p>We will send your trophy to the location you specify.<\/p>\t\t\t\t\t\t\t\t<\/div>\n\t\t\t\t<\/div>\n\t\t\t\t<\/div>\n\t\t<div class=\"elementor-element elementor-element-79ef6e8 e-con-full e-flex e-con e-child\" data-id=\"79ef6e8\" data-element_type=\"container\" data-e-type=\"container\">\n\t\t\t\t<div class=\"elementor-element elementor-element-f0de7e6 elementor-widget elementor-widget-image\" data-id=\"f0de7e6\" data-element_type=\"widget\" data-e-type=\"widget\" data-widget_type=\"image.default\">\n\t\t\t\t<div class=\"elementor-widget-container\">\n\t\t\t\t\t\t\t\t\t\t\t\t\t\t\t<img decoding=\"async\" width=\"1024\" height=\"577\" data-src=\"https:\/\/mountrackers.com\/wp-content\/uploads\/2025\/10\/haberdoedas-ii-VVlKmB-1HRE-unsplash-scaled-e1760955675102-1024x577.jpg\" class=\"attachment-large size-large wp-image-2829 lazyload\" alt=\"haberdoedas ii vvlkmb 1hre unsplash\" data-srcset=\"https:\/\/mountrackers.com\/wp-content\/uploads\/2025\/10\/haberdoedas-ii-VVlKmB-1HRE-unsplash-scaled-e1760955675102-1024x577.jpg 1024w, https:\/\/mountrackers.com\/wp-content\/uploads\/2025\/10\/haberdoedas-ii-VVlKmB-1HRE-unsplash-scaled-e1760955675102-300x169.jpg 300w, https:\/\/mountrackers.com\/wp-content\/uploads\/2025\/10\/haberdoedas-ii-VVlKmB-1HRE-unsplash-scaled-e1760955675102-768x433.jpg 768w, https:\/\/mountrackers.com\/wp-content\/uploads\/2025\/10\/haberdoedas-ii-VVlKmB-1HRE-unsplash-scaled-e1760955675102-1536x865.jpg 1536w, https:\/\/mountrackers.com\/wp-content\/uploads\/2025\/10\/haberdoedas-ii-VVlKmB-1HRE-unsplash-scaled-e1760955675102-2048x1154.jpg 2048w\" data-sizes=\"(max-width: 1024px) 100vw, 1024px\" src=\"data:image\/svg+xml;base64,PHN2ZyB3aWR0aD0iMSIgaGVpZ2h0PSIxIiB4bWxucz0iaHR0cDovL3d3dy53My5vcmcvMjAwMC9zdmciPjwvc3ZnPg==\" style=\"--smush-placeholder-width: 1024px; --smush-placeholder-aspect-ratio: 1024\/577;\" \/>\t\t\t\t\t\t\t\t\t\t\t\t\t\t\t<\/div>\n\t\t\t\t<\/div>\n\t\t\t\t<\/div>\n\t\t\t\t\t<\/div>\n\t\t\t\t<\/div>\n\t\t<div class=\"elementor-element elementor-element-b70a0c5 e-flex e-con-boxed elementor-invisible e-con e-parent\" data-id=\"b70a0c5\" data-element_type=\"container\" data-e-type=\"container\" data-settings=\"{&quot;animation&quot;:&quot;fadeInRight&quot;}\">\n\t\t\t\t\t<div class=\"e-con-inner\">\n\t\t<div class=\"elementor-element elementor-element-0a0b11a e-con-full e-flex e-con e-child\" data-id=\"0a0b11a\" data-element_type=\"container\" data-e-type=\"container\" data-settings=\"{&quot;background_background&quot;:&quot;classic&quot;}\">\n\t\t\t\t<div class=\"elementor-element elementor-element-758bdd9 elementor-widget elementor-widget-image\" data-id=\"758bdd9\" data-element_type=\"widget\" data-e-type=\"widget\" data-widget_type=\"image.default\">\n\t\t\t\t<div class=\"elementor-widget-container\">\n\t\t\t\t\t\t\t\t\t\t\t\t\t\t\t<img decoding=\"async\" width=\"1024\" height=\"577\" data-src=\"https:\/\/mountrackers.com\/wp-content\/uploads\/2025\/10\/grabacion-scaled-e1760955864392-1024x577.jpg\" class=\"attachment-large size-large wp-image-2830 lazyload\" alt=\"silhouette of a photographer who shoots a sunset in the mountain\" data-srcset=\"https:\/\/mountrackers.com\/wp-content\/uploads\/2025\/10\/grabacion-scaled-e1760955864392-1024x577.jpg 1024w, https:\/\/mountrackers.com\/wp-content\/uploads\/2025\/10\/grabacion-scaled-e1760955864392-300x169.jpg 300w, https:\/\/mountrackers.com\/wp-content\/uploads\/2025\/10\/grabacion-scaled-e1760955864392-768x433.jpg 768w, https:\/\/mountrackers.com\/wp-content\/uploads\/2025\/10\/grabacion-scaled-e1760955864392-1536x865.jpg 1536w, https:\/\/mountrackers.com\/wp-content\/uploads\/2025\/10\/grabacion-scaled-e1760955864392-2048x1154.jpg 2048w\" data-sizes=\"(max-width: 1024px) 100vw, 1024px\" src=\"data:image\/svg+xml;base64,PHN2ZyB3aWR0aD0iMSIgaGVpZ2h0PSIxIiB4bWxucz0iaHR0cDovL3d3dy53My5vcmcvMjAwMC9zdmciPjwvc3ZnPg==\" style=\"--smush-placeholder-width: 1024px; --smush-placeholder-aspect-ratio: 1024\/577;\" \/>\t\t\t\t\t\t\t\t\t\t\t\t\t\t\t<\/div>\n\t\t\t\t<\/div>\n\t\t\t\t<\/div>\n\t\t<div class=\"elementor-element elementor-element-33a5d69 e-con-full e-flex e-con e-child\" data-id=\"33a5d69\" data-element_type=\"container\" data-e-type=\"container\" data-settings=\"{&quot;background_background&quot;:&quot;classic&quot;}\">\n\t\t\t\t<div class=\"elementor-element elementor-element-bd37edf elementor-widget elementor-widget-heading\" data-id=\"bd37edf\" data-element_type=\"widget\" data-e-type=\"widget\" data-widget_type=\"heading.default\">\n\t\t\t\t<div class=\"elementor-widget-container\">\n\t\t\t\t\t<h3 class=\"elementor-heading-title elementor-size-default\">PROFESSIONAL VIDEO\/RECORDING SERVICE<\/h3>\t\t\t\t<\/div>\n\t\t\t\t<\/div>\n\t\t\t\t<div class=\"elementor-element elementor-element-1a03e32 elementor-widget elementor-widget-text-editor\" data-id=\"1a03e32\" data-element_type=\"widget\" data-e-type=\"widget\" data-widget_type=\"text-editor.default\">\n\t\t\t\t<div class=\"elementor-widget-container\">\n\t\t\t\t\t\t\t\t\t<p>We create visual content of the entire trip so you can keep the best memories.<\/p>\t\t\t\t\t\t\t\t<\/div>\n\t\t\t\t<\/div>\n\t\t\t\t<\/div>\n\t\t\t\t\t<\/div>\n\t\t\t\t<\/div>\n\t\t<div class=\"elementor-element elementor-element-bd044f7 e-flex e-con-boxed elementor-invisible e-con e-parent\" data-id=\"bd044f7\" data-element_type=\"container\" data-e-type=\"container\" data-settings=\"{&quot;animation&quot;:&quot;fadeInLeft&quot;}\">\n\t\t\t\t\t<div class=\"e-con-inner\">\n\t\t<div class=\"elementor-element elementor-element-ed06b48 e-con-full e-flex e-con e-child\" data-id=\"ed06b48\" data-element_type=\"container\" data-e-type=\"container\" data-settings=\"{&quot;background_background&quot;:&quot;classic&quot;}\">\n\t\t\t\t<div class=\"elementor-element elementor-element-fe6bac3 elementor-widget elementor-widget-heading\" data-id=\"fe6bac3\" data-element_type=\"widget\" data-e-type=\"widget\" data-widget_type=\"heading.default\">\n\t\t\t\t<div class=\"elementor-widget-container\">\n\t\t\t\t\t<h3 class=\"elementor-heading-title elementor-size-default\">TOURIST PLANS <\/h3>\t\t\t\t<\/div>\n\t\t\t\t<\/div>\n\t\t\t\t<div class=\"elementor-element elementor-element-e25859e elementor-widget elementor-widget-text-editor\" data-id=\"e25859e\" data-element_type=\"widget\" data-e-type=\"widget\" data-widget_type=\"text-editor.default\">\n\t\t\t\t<div class=\"elementor-widget-container\">\n\t\t\t\t\t\t\t\t\t<p>You can enhance your experience with our recommendations in each of the areas where we operate.<\/p>\t\t\t\t\t\t\t\t<\/div>\n\t\t\t\t<\/div>\n\t\t\t\t<\/div>\n\t\t<div class=\"elementor-element elementor-element-a4de7aa e-con-full e-flex e-con e-child\" data-id=\"a4de7aa\" data-element_type=\"container\" data-e-type=\"container\" data-settings=\"{&quot;background_background&quot;:&quot;classic&quot;}\">\n\t\t\t\t<div class=\"elementor-element elementor-element-0d2f7e2 elementor-widget elementor-widget-image\" data-id=\"0d2f7e2\" data-element_type=\"widget\" data-e-type=\"widget\" data-widget_type=\"image.default\">\n\t\t\t\t<div class=\"elementor-widget-container\">\n\t\t\t\t\t\t\t\t\t\t\t\t\t\t\t<img decoding=\"async\" width=\"1024\" height=\"682\" data-src=\"https:\/\/mountrackers.com\/wp-content\/uploads\/2025\/12\/machu-picchu--1024x682.jpg\" class=\"attachment-large size-large wp-image-4273 lazyload\" alt=\"\" data-srcset=\"https:\/\/mountrackers.com\/wp-content\/uploads\/2025\/12\/machu-picchu--1024x682.jpg 1024w, https:\/\/mountrackers.com\/wp-content\/uploads\/2025\/12\/machu-picchu--300x200.jpg 300w, https:\/\/mountrackers.com\/wp-content\/uploads\/2025\/12\/machu-picchu--768x511.jpg 768w, https:\/\/mountrackers.com\/wp-content\/uploads\/2025\/12\/machu-picchu--18x12.jpg 18w, https:\/\/mountrackers.com\/wp-content\/uploads\/2025\/12\/machu-picchu-.jpg 1280w\" data-sizes=\"(max-width: 1024px) 100vw, 1024px\" src=\"data:image\/svg+xml;base64,PHN2ZyB3aWR0aD0iMSIgaGVpZ2h0PSIxIiB4bWxucz0iaHR0cDovL3d3dy53My5vcmcvMjAwMC9zdmciPjwvc3ZnPg==\" style=\"--smush-placeholder-width: 1024px; --smush-placeholder-aspect-ratio: 1024\/682;\" \/>\t\t\t\t\t\t\t\t\t\t\t\t\t\t\t<\/div>\n\t\t\t\t<\/div>\n\t\t\t\t<\/div>\n\t\t\t\t\t<\/div>\n\t\t\t\t<\/div>\n\t\t<div class=\"elementor-element elementor-element-ab38f92 e-flex e-con-boxed e-con e-parent\" data-id=\"ab38f92\" data-element_type=\"container\" data-e-type=\"container\">\n\t\t\t\t\t<div class=\"e-con-inner\">\n\t\t\t\t<div class=\"elementor-element elementor-element-0287db6 elementor-widget elementor-widget-spacer\" data-id=\"0287db6\" data-element_type=\"widget\" data-e-type=\"widget\" data-widget_type=\"spacer.default\">\n\t\t\t\t<div class=\"elementor-widget-container\">\n\t\t\t\t\t\t\t<div class=\"elementor-spacer\">\n\t\t\t<div class=\"elementor-spacer-inner\"><\/div>\n\t\t<\/div>\n\t\t\t\t\t\t<\/div>\n\t\t\t\t<\/div>\n\t\t\t\t\t<\/div>\n\t\t\t\t<\/div>\n\t\t\t\t<\/div>","protected":false},"excerpt":{"rendered":"<p>SERVICIOS ORGANIZAMOS MUCHO M\u00c1S QUE UN VIAJE DE CAZA LODGE Tenemos diferentes opciones seg\u00fan tipo de cacer\u00eda.Disfrutar\u00e1s del mejor alojamiento [&hellip;]<\/p>\n","protected":false},"author":1,"featured_media":0,"parent":0,"menu_order":0,"comment_status":"closed","ping_status":"closed","template":"elementor_header_footer","meta":{"om_disable_all_campaigns":false,"site-sidebar-layout":"no-sidebar","site-content-layout":"page-builder","ast-site-content-layout":"full-width-container","site-content-style":"default","site-sidebar-style":"default","ast-global-header-display":"","ast-banner-title-visibility":"","ast-main-header-display":"","ast-hfb-above-header-display":"","ast-hfb-below-header-display":"","ast-hfb-mobile-header-display":"","site-post-title":"","ast-breadcrumbs-content":"","ast-featured-img":"disabled","footer-sml-layout":"","ast-disable-related-posts":"","theme-transparent-header-meta":"","adv-header-id-meta":"","stick-header-meta":"","header-above-stick-meta":"","header-main-stick-meta":"","header-below-stick-meta":"","astra-migrate-meta-layouts":"set","ast-page-background-enabled":"default","ast-page-background-meta":{"desktop":{"background-color":"var(--ast-global-color-4)","background-image":"","background-repeat":"repeat","background-position":"center center","background-size":"auto","background-attachment":"scroll","background-type":"","background-media":"","overlay-type":"","overlay-color":"","overlay-opacity":"","overlay-gradient":""},"tablet":{"background-color":"","background-image":"","background-repeat":"repeat","background-position":"center center","background-size":"auto","background-attachment":"scroll","background-type":"","background-media":"","overlay-type":"","overlay-color":"","overlay-opacity":"","overlay-gradient":""},"mobile":{"background-color":"","background-image":"","background-repeat":"repeat","background-position":"center center","background-size":"auto","background-attachment":"scroll","background-type":"","background-media":"","overlay-type":"","overlay-color":"","overlay-opacity":"","overlay-gradient":""}},"ast-content-background-meta":{"desktop":{"background-color":"var(--ast-global-color-5)","background-image":"","background-repeat":"repeat","background-position":"center center","background-size":"auto","background-attachment":"scroll","background-type":"","background-media":"","overlay-type":"","overlay-color":"","overlay-opacity":"","overlay-gradient":""},"tablet":{"background-color":"var(--ast-global-color-5)","background-image":"","background-repeat":"repeat","background-position":"center center","background-size":"auto","background-attachment":"scroll","background-type":"","background-media":"","overlay-type":"","overlay-color":"","overlay-opacity":"","overlay-gradient":""},"mobile":{"background-color":"var(--ast-global-color-5)","background-image":"","background-repeat":"repeat","background-position":"center center","background-size":"auto","background-attachment":"scroll","background-type":"","background-media":"","overlay-type":"","overlay-color":"","overlay-opacity":"","overlay-gradient":""}},"footnotes":""},"class_list":["post-2167","page","type-page","status-publish","hentry"],"aioseo_notices":[],"_links":{"self":[{"href":"https:\/\/mountrackers.com\/en\/wp-json\/wp\/v2\/pages\/2167","targetHints":{"allow":["GET"]}}],"collection":[{"href":"https:\/\/mountrackers.com\/en\/wp-json\/wp\/v2\/pages"}],"about":[{"href":"https:\/\/mountrackers.com\/en\/wp-json\/wp\/v2\/types\/page"}],"author":[{"embeddable":true,"href":"https:\/\/mountrackers.com\/en\/wp-json\/wp\/v2\/users\/1"}],"replies":[{"embeddable":true,"href":"https:\/\/mountrackers.com\/en\/wp-json\/wp\/v2\/comments?post=2167"}],"version-history":[{"count":60,"href":"https:\/\/mountrackers.com\/en\/wp-json\/wp\/v2\/pages\/2167\/revisions"}],"predecessor-version":[{"id":4410,"href":"https:\/\/mountrackers.com\/en\/wp-json\/wp\/v2\/pages\/2167\/revisions\/4410"}],"wp:attachment":[{"href":"https:\/\/mountrackers.com\/en\/wp-json\/wp\/v2\/media?parent=2167"}],"curies":[{"name":"wp","href":"https:\/\/api.w.org\/{rel}","templated":true}]}}